{"id":16,"date":"2019-10-10T17:31:20","date_gmt":"2019-10-10T17:31:20","guid":{"rendered":"https:\/\/avadawebsites.wpengine.com\/festival\/?page_id=16"},"modified":"2026-02-16T18:57:38","modified_gmt":"2026-02-16T18:57:38","slug":"sobre_nosotros","status":"publish","type":"page","link":"https:\/\/vilusfestival.com\/de\/sobre_nosotros","title":{"rendered":"\u00dcber uns"},"content":{"rendered":"<div class=\"fusion-fullwidth fullwidth-box fusion-builder-row-1 fusion-flex-container nonhundred-percent-fullwidth non-hundred-percent-height-scrolling\" style=\"--awb-border-radius-top-left:0px;--awb-border-radius-top-right:0px;--awb-border-radius-bottom-right:0px;--awb-border-radius-bottom-left:0px;--awb-padding-top:60px;--awb-padding-bottom:4%;--awb-padding-top-small:20px;--awb-flex-wrap:wrap;\" ><div class=\"fusion-builder-row fusion-row fusion-flex-align-items-flex-start fusion-flex-content-wrap\" style=\"max-width:1216.8px;margin-left: calc(-4% \/ 2 );margin-right: calc(-4% \/ 2 );\"><div class=\"fusion-layout-column fusion_builder_column fusion-builder-column-0 fusion_builder_column_1_3 1_3 fusion-flex-column\" style=\"--awb-bg-size:cover;--awb-width-large:33.333333333333%;--awb-margin-top-large:20px;--awb-spacing-right-large:5.76%;--awb-margin-bottom-large:20px;--awb-spacing-left-large:5.76%;--awb-width-medium:100%;--awb-spacing-right-medium:1.92%;--awb-spacing-left-medium:1.92%;--awb-width-small:100%;--awb-spacing-right-small:1.92%;--awb-spacing-left-small:1.92%;\"><div class=\"fusion-column-wrapper fusion-column-has-shadow fusion-flex-justify-content-flex-start fusion-content-layout-column\"><div class=\"fusion-text fusion-text-1\" style=\"--awb-font-size:13px;--awb-line-height:16px;--awb-letter-spacing:4px;--awb-text-transform:var(--awb-typography5-text-transform);--awb-text-font-family:var(--awb-typography5-font-family);--awb-text-font-weight:var(--awb-typography5-font-weight);--awb-text-font-style:var(--awb-typography5-font-style);\"><p>Ein wenig mehr \u00fcber uns<\/p>\n<\/div><div class=\"fusion-title title fusion-title-1 fusion-sep-none fusion-title-text fusion-title-size-two\" style=\"--awb-margin-top:10px;--awb-margin-bottom:40px;--awb-font-size:2.2em;\"><h2 class=\"fusion-title-heading title-heading-left fusion-responsive-typography-calculated\" style=\"margin:0;font-size:1em;--fontSize:39.6;line-height:1.3;\">Neues Festival f\u00fcr alternative Musik auf La Palma<\/h2><\/div><div class=\"fusion-social-links fusion-social-links-1\" style=\"--awb-margin-top:0px;--awb-margin-right:0px;--awb-margin-bottom:0px;--awb-margin-left:0px;--awb-box-border-top:0px;--awb-box-border-right:0px;--awb-box-border-bottom:0px;--awb-box-border-left:0px;--awb-icon-colors-hover:rgba(255,255,255,0.8);--awb-box-colors-hover:rgba(255,255,255,0);--awb-box-border-color:var(--awb-color3);--awb-box-border-color-hover:var(--awb-color4);\"><div class=\"fusion-social-networks boxed-icons color-type-custom\"><div class=\"fusion-social-networks-wrapper\"><a class=\"fusion-social-network-icon fusion-tooltip fusion-facebook fa-facebook fab\" style=\"color:var(--awb-color1);font-size:18px;width:18px;background-color:rgba(255,255,255,0);border-color:rgba(255,255,255,0);border-radius:20px;\" data-placement=\"top\" data-title=\"Facebook\" data-toggle=\"tooltip\" title=\"Facebook\" aria-label=\"facebook\" target=\"_blank\" rel=\"noopener noreferrer nofollow\" href=\"https:\/\/www.facebook.com\/profile.php?id=61555032809997\"><\/a><a class=\"fusion-social-network-icon fusion-tooltip fusion-instagram awb-icon-instagram\" style=\"color:var(--awb-color1);font-size:18px;width:18px;background-color:rgba(255,255,255,0);border-color:rgba(255,255,255,0);border-radius:20px;\" data-placement=\"top\" data-title=\"Instagram\" data-toggle=\"tooltip\" title=\"Instagram\" aria-label=\"instagram\" target=\"_blank\" rel=\"noopener noreferrer nofollow\" href=\"https:\/\/www.instagram.com\/vilusfestival\/\"><\/a><\/div><\/div><\/div><div class=\"fusion-image-element fusion-no-small-visibility fusion-no-medium-visibility\" style=\"text-align:center;--awb-max-width:420px;--awb-caption-title-font-family:var(--h2_typography-font-family);--awb-caption-title-font-weight:var(--h2_typography-font-weight);--awb-caption-title-font-style:var(--h2_typography-font-style);--awb-caption-title-size:var(--h2_typography-font-size);--awb-caption-title-transform:var(--h2_typography-text-transform);--awb-caption-title-line-height:var(--h2_typography-line-height);--awb-caption-title-letter-spacing:var(--h2_typography-letter-spacing);\"><span class=\"fusion-imageframe imageframe-none imageframe-1 hover-type-none fusion-animated\" data-animationtype=\"fadeInDown\" data-animationduration=\"0.6\" data-animationoffset=\"top-into-view\"><a class=\"fusion-no-lightbox\" href=\"https:\/\/1.envato.market\/qnY25j\" target=\"_blank\" aria-label=\"element-1\" rel=\"noopener noreferrer\"><img decoding=\"async\" width=\"851\" height=\"817\" alt=\"Yellow Flower\" src=\"https:\/\/vilusfestival.com\/wp-content\/uploads\/2024\/02\/element-1.png\" data-orig-src=\"https:\/\/vilusfestival.com\/\/wp-content\/uploads\/2024\/02\/element-1.png\" class=\"lazyload img-responsive wp-image-3832\" srcset=\"data:image\/svg+xml,%3Csvg%20xmlns%3D%27http%3A%2F%2Fwww.w3.org%2F2000%2Fsvg%27%20width%3D%27851%27%20height%3D%27817%27%20viewBox%3D%270%200%20851%20817%27%3E%3Crect%20width%3D%27851%27%20height%3D%27817%27%20fill-opacity%3D%220%22%2F%3E%3C%2Fsvg%3E\" data-srcset=\"https:\/\/vilusfestival.com\/wp-content\/uploads\/2024\/02\/element-1-200x192.png 200w, https:\/\/vilusfestival.com\/wp-content\/uploads\/2024\/02\/element-1-400x384.png 400w, https:\/\/vilusfestival.com\/wp-content\/uploads\/2024\/02\/element-1-600x576.png 600w, https:\/\/vilusfestival.com\/wp-content\/uploads\/2024\/02\/element-1-800x768.png 800w, https:\/\/vilusfestival.com\/wp-content\/uploads\/2024\/02\/element-1.png 851w\" data-sizes=\"auto\" data-orig-sizes=\"(max-width: 1024px) 100vw, (max-width: 640px) 100vw, 400px\" \/><\/a><\/span><\/div><\/div><\/div><div class=\"fusion-layout-column fusion_builder_column fusion-builder-column-1 fusion_builder_column_1_3 1_3 fusion-flex-column\" style=\"--awb-bg-size:cover;--awb-width-large:33.333333333333%;--awb-margin-top-large:20px;--awb-spacing-right-large:5.76%;--awb-margin-bottom-large:10px;--awb-spacing-left-large:5.76%;--awb-width-medium:100%;--awb-spacing-right-medium:1.92%;--awb-spacing-left-medium:1.92%;--awb-width-small:100%;--awb-spacing-right-small:1.92%;--awb-spacing-left-small:1.92%;\"><div class=\"fusion-column-wrapper fusion-column-has-shadow fusion-flex-justify-content-flex-start fusion-content-layout-column\"><div class=\"fusion-text fusion-text-2\"><p>Festival f\u00fcr alternative Musik, das am 1. August 2026 in Los Llanos auf der Insel La Palma stattfindet.<\/p>\n<p>Das Vilus Festival ist eine Veranstaltung, die mit zwei Zielen konzipiert und organisiert wurde: Minimierung aller m\u00f6glichen negativen Auswirkungen auf die Umwelt und Hinterlassung eines positiven Verm\u00e4chtnisses f\u00fcr die Gemeinschaft und alle beteiligten Zielgruppen. Man kann also sagen, dass das Vilus Festival eine zu 100 % nachhaltige Veranstaltung ist.<\/p>\n<p>Die Hauptmerkmale sind die Art der Musik und das Ambiente. Was das Ambiente angeht, handelt es sich um ein Festival, dessen Ziel es ist, dem Publikum ein immersives Erlebnis zu bieten.<\/p>\n<\/div><\/div><\/div><div class=\"fusion-layout-column fusion_builder_column fusion-builder-column-2 fusion_builder_column_1_3 1_3 fusion-flex-column\" style=\"--awb-bg-size:cover;--awb-width-large:33.333333333333%;--awb-margin-top-large:20px;--awb-spacing-right-large:5.76%;--awb-margin-bottom-large:20px;--awb-spacing-left-large:5.76%;--awb-width-medium:100%;--awb-spacing-right-medium:1.92%;--awb-spacing-left-medium:1.92%;--awb-width-small:100%;--awb-spacing-right-small:1.92%;--awb-spacing-left-small:1.92%;\"><div class=\"fusion-column-wrapper fusion-column-has-shadow fusion-flex-justify-content-flex-start fusion-content-layout-column\"><div class=\"fusion-text fusion-text-3\"><p>Die Idee zu dieser Veranstaltung entstand nach dem Besuch verschiedener Festivals, bei denen meist dieselbe Art von Musik und dieselbe Atmosph\u00e4re vorherrschten, sodass man den Eindruck gewann, alle Veranstaltungen seien sehr \u00e4hnlich.<\/p>\n<p>Aus diesem Grund und auf der Suche nach einem Konzept, das sich von anderen Festivals abhebt, entstand die Idee zum Vilus Festival.<\/p>\n<p>Wir sehen uns am 1.08.26<\/p>\n<p><strong>SEI AUF DAS UNERWARTETE VORBEREITET!<\/strong><\/p>\n<\/div><\/div><\/div><div class=\"fusion-layout-column fusion_builder_column fusion-builder-column-3 fusion_builder_column_1_3 1_3 fusion-flex-column fusion-flex-align-self-flex-start fusion-animated\" style=\"--awb-bg-size:cover;--awb-width-large:33.333333333333%;--awb-margin-top-large:20px;--awb-spacing-right-large:5.76%;--awb-margin-bottom-large:20px;--awb-spacing-left-large:5.76%;--awb-width-medium:40%;--awb-spacing-right-medium:4.8%;--awb-spacing-left-medium:9.6%;--awb-width-small:100%;--awb-order-small:0;--awb-spacing-right-small:1.92%;--awb-spacing-left-small:1.92%;\" data-animationtype=\"fadeInDown\" data-animationduration=\"1.0\" data-animationoffset=\"top-into-view\"><div class=\"fusion-column-wrapper fusion-column-has-shadow fusion-flex-justify-content-flex-start fusion-content-layout-column\"><\/div><\/div><div class=\"fusion-layout-column fusion_builder_column fusion-builder-column-4 fusion_builder_column_1_6 1_6 fusion-flex-column fusion-flex-align-self-flex-end\" style=\"--awb-bg-size:cover;--awb-width-large:16.666666666667%;--awb-margin-top-large:0px;--awb-spacing-right-large:11.52%;--awb-margin-bottom-large:42px;--awb-spacing-left-large:11.52%;--awb-width-medium:20%;--awb-spacing-right-medium:9.6%;--awb-spacing-left-medium:9.6%;--awb-width-small:50%;--awb-order-small:2;--awb-spacing-right-small:3.84%;--awb-spacing-left-small:3.84%;\"><div class=\"fusion-column-wrapper fusion-column-has-shadow fusion-flex-justify-content-flex-start fusion-content-layout-column\"><div class=\"fusion-title title fusion-title-2 fusion-sep-none fusion-title-center fusion-title-text fusion-title-size-three\" style=\"--awb-margin-top:0px;--awb-margin-bottom:-0.48em;--awb-margin-bottom-small:-30px;--awb-font-size:6em;\"><h3 class=\"fusion-title-heading title-heading-center fusion-responsive-typography-calculated\" style=\"font-family:&quot;Bebas Neue&quot;;font-style:normal;font-weight:400;margin:0;font-size:1em;letter-spacing:0px;--fontSize:108;line-height:1.83;\">1<\/h3><\/div><div class=\"fusion-text fusion-text-4\" style=\"--awb-content-alignment:center;\"><p>TAG<\/p>\n<\/div><\/div><\/div><div class=\"fusion-layout-column fusion_builder_column fusion-builder-column-5 fusion_builder_column_1_6 1_6 fusion-flex-column fusion-flex-align-self-flex-end\" style=\"--awb-bg-size:cover;--awb-width-large:16.666666666667%;--awb-margin-top-large:0px;--awb-spacing-right-large:11.52%;--awb-margin-bottom-large:42px;--awb-spacing-left-large:11.52%;--awb-width-medium:20%;--awb-spacing-right-medium:9.6%;--awb-spacing-left-medium:9.6%;--awb-width-small:50%;--awb-order-small:2;--awb-spacing-right-small:3.84%;--awb-spacing-left-small:3.84%;\"><div class=\"fusion-column-wrapper fusion-column-has-shadow fusion-flex-justify-content-flex-start fusion-content-layout-column\"><div class=\"fusion-title title fusion-title-3 fusion-sep-none fusion-title-center fusion-title-text fusion-title-size-three\" style=\"--awb-margin-top:0px;--awb-margin-bottom:-0.48em;--awb-margin-bottom-small:-30px;--awb-font-size:6em;\"><h3 class=\"fusion-title-heading title-heading-center fusion-responsive-typography-calculated\" style=\"font-family:&quot;Bebas Neue&quot;;font-style:normal;font-weight:400;margin:0;font-size:1em;letter-spacing:0px;--fontSize:108;line-height:1.83;\">8<\/h3><\/div><div class=\"fusion-text fusion-text-5\" style=\"--awb-content-alignment:center;\"><p>K\u00dcNSTLER<\/p>\n<\/div><\/div><\/div><div class=\"fusion-layout-column fusion_builder_column fusion-builder-column-6 fusion_builder_column_1_6 1_6 fusion-flex-column fusion-flex-align-self-flex-end\" style=\"--awb-bg-size:cover;--awb-width-large:16.666666666667%;--awb-margin-top-large:0px;--awb-spacing-right-large:11.52%;--awb-margin-bottom-large:42px;--awb-spacing-left-large:11.52%;--awb-width-medium:20%;--awb-spacing-right-medium:9.6%;--awb-spacing-left-medium:9.6%;--awb-width-small:50%;--awb-order-small:2;--awb-spacing-right-small:3.84%;--awb-spacing-left-small:3.84%;\"><div class=\"fusion-column-wrapper fusion-column-has-shadow fusion-flex-justify-content-flex-start fusion-content-layout-column\"><div class=\"fusion-title title fusion-title-4 fusion-sep-none fusion-title-center fusion-title-text fusion-title-size-three\" style=\"--awb-margin-top:0px;--awb-margin-bottom:-0.48em;--awb-margin-bottom-small:-30px;--awb-font-size:6em;\"><h3 class=\"fusion-title-heading title-heading-center fusion-responsive-typography-calculated\" style=\"font-family:&quot;Bebas Neue&quot;;font-style:normal;font-weight:400;margin:0;font-size:1em;letter-spacing:0px;--fontSize:108;line-height:1.83;\">12<\/h3><\/div><div class=\"fusion-text fusion-text-6\" style=\"--awb-content-alignment:center;\"><p>STUNDEN<\/p>\n<\/div><\/div><\/div><div class=\"fusion-layout-column fusion_builder_column fusion-builder-column-7 fusion_builder_column_1_1 1_1 fusion-flex-column\" style=\"--awb-bg-size:cover;--awb-width-large:100%;--awb-margin-top-large:6%;--awb-spacing-right-large:1.92%;--awb-margin-bottom-large:4%;--awb-spacing-left-large:1.92%;--awb-width-medium:100%;--awb-spacing-right-medium:1.92%;--awb-spacing-left-medium:1.92%;--awb-width-small:100%;--awb-spacing-right-small:1.92%;--awb-spacing-left-small:1.92%;\"><div class=\"fusion-column-wrapper fusion-column-has-shadow fusion-flex-justify-content-flex-start fusion-content-layout-column\"><div class=\"fusion-image-element\" style=\"--awb-caption-title-font-family:var(--h2_typography-font-family);--awb-caption-title-font-weight:var(--h2_typography-font-weight);--awb-caption-title-font-style:var(--h2_typography-font-style);--awb-caption-title-size:var(--h2_typography-font-size);--awb-caption-title-transform:var(--h2_typography-text-transform);--awb-caption-title-line-height:var(--h2_typography-line-height);--awb-caption-title-letter-spacing:var(--h2_typography-letter-spacing);\"><span class=\"fusion-imageframe imageframe-dropshadow imageframe-2 hover-type-zoomin\" style=\"border-radius:8px;-webkit-box-shadow: 48px 48px 52px hsla(var(--awb-color8-h),var(--awb-color8-s),var(--awb-color8-l),calc(var(--awb-color8-a) - 80%));box-shadow: 48px 48px 52px hsla(var(--awb-color8-h),var(--awb-color8-s),var(--awb-color8-l),calc(var(--awb-color8-a) - 80%));\"><img decoding=\"async\" width=\"1755\" height=\"794\" title=\"visac-producciones-vilus2\" src=\"https:\/\/vilusfestival.com\/wp-content\/uploads\/2024\/02\/visac-producciones-vilus2-2.jpg\" data-orig-src=\"https:\/\/vilusfestival.com\/\/wp-content\/uploads\/2024\/02\/visac-producciones-vilus2-2.jpg\" alt class=\"lazyload img-responsive wp-image-3837\" srcset=\"data:image\/svg+xml,%3Csvg%20xmlns%3D%27http%3A%2F%2Fwww.w3.org%2F2000%2Fsvg%27%20width%3D%271755%27%20height%3D%27794%27%20viewBox%3D%270%200%201755%20794%27%3E%3Crect%20width%3D%271755%27%20height%3D%27794%27%20fill-opacity%3D%220%22%2F%3E%3C%2Fsvg%3E\" data-srcset=\"https:\/\/vilusfestival.com\/wp-content\/uploads\/2024\/02\/visac-producciones-vilus2-2-200x90.jpg 200w, https:\/\/vilusfestival.com\/wp-content\/uploads\/2024\/02\/visac-producciones-vilus2-2-400x181.jpg 400w, https:\/\/vilusfestival.com\/wp-content\/uploads\/2024\/02\/visac-producciones-vilus2-2-600x271.jpg 600w, https:\/\/vilusfestival.com\/wp-content\/uploads\/2024\/02\/visac-producciones-vilus2-2-800x362.jpg 800w, https:\/\/vilusfestival.com\/wp-content\/uploads\/2024\/02\/visac-producciones-vilus2-2-1200x543.jpg 1200w, https:\/\/vilusfestival.com\/wp-content\/uploads\/2024\/02\/visac-producciones-vilus2-2.jpg 1755w\" data-sizes=\"auto\" data-orig-sizes=\"(max-width: 1024px) 100vw, (max-width: 640px) 100vw, 1200px\" \/><\/span><\/div><div class=\"fusion-separator fusion-full-width-sep\" style=\"align-self: center;margin-left: auto;margin-right: auto;margin-top:30px;width:100%;\"><\/div><\/div><\/div><div class=\"fusion-layout-column fusion_builder_column fusion-builder-column-8 fusion_builder_column_1_3 1_3 fusion-flex-column\" style=\"--awb-bg-size:cover;--awb-width-large:33.333333333333%;--awb-margin-top-large:20px;--awb-spacing-right-large:5.76%;--awb-margin-bottom-large:20px;--awb-spacing-left-large:5.76%;--awb-width-medium:100%;--awb-order-medium:0;--awb-spacing-right-medium:1.92%;--awb-spacing-left-medium:1.92%;--awb-width-small:100%;--awb-order-small:0;--awb-spacing-right-small:1.92%;--awb-spacing-left-small:1.92%;\" data-scroll-devices=\"small-visibility,medium-visibility,large-visibility\"><div class=\"fusion-column-wrapper fusion-column-has-shadow fusion-flex-justify-content-flex-start fusion-content-layout-column\"><div class=\"fusion-image-element\" style=\"--awb-max-width:230px;--awb-caption-title-font-family:var(--h2_typography-font-family);--awb-caption-title-font-weight:var(--h2_typography-font-weight);--awb-caption-title-font-style:var(--h2_typography-font-style);--awb-caption-title-size:var(--h2_typography-font-size);--awb-caption-title-transform:var(--h2_typography-text-transform);--awb-caption-title-line-height:var(--h2_typography-line-height);--awb-caption-title-letter-spacing:var(--h2_typography-letter-spacing);\"><span class=\"fusion-imageframe imageframe-none imageframe-3 hover-type-zoomin\"><img decoding=\"async\" width=\"274\" height=\"166\" alt=\"visac producciones\" title=\"visac-producciones\" src=\"https:\/\/vilusfestival.com\/wp-content\/uploads\/2024\/02\/visac-producciones.png\" data-orig-src=\"https:\/\/vilusfestival.com\/\/wp-content\/uploads\/2024\/02\/visac-producciones.png\" class=\"lazyload img-responsive wp-image-3599\" srcset=\"data:image\/svg+xml,%3Csvg%20xmlns%3D%27http%3A%2F%2Fwww.w3.org%2F2000%2Fsvg%27%20width%3D%27274%27%20height%3D%27166%27%20viewBox%3D%270%200%20274%20166%27%3E%3Crect%20width%3D%27274%27%20height%3D%27166%27%20fill-opacity%3D%220%22%2F%3E%3C%2Fsvg%3E\" data-srcset=\"https:\/\/vilusfestival.com\/wp-content\/uploads\/2024\/02\/visac-producciones-200x121.png 200w, https:\/\/vilusfestival.com\/wp-content\/uploads\/2024\/02\/visac-producciones.png 274w\" data-sizes=\"auto\" data-orig-sizes=\"(max-width: 1024px) 100vw, (max-width: 640px) 100vw, 274px\" \/><\/span><\/div><div class=\"fusion-social-links fusion-social-links-2\" style=\"--awb-margin-top:0px;--awb-margin-right:0px;--awb-margin-bottom:0px;--awb-margin-left:0px;--awb-box-border-top:0px;--awb-box-border-right:0px;--awb-box-border-bottom:0px;--awb-box-border-left:0px;--awb-icon-colors-hover:rgba(255,255,255,0.8);--awb-box-colors-hover:rgba(255,255,255,0);--awb-box-border-color:var(--awb-color3);--awb-box-border-color-hover:var(--awb-color4);\"><div class=\"fusion-social-networks boxed-icons color-type-custom\"><div class=\"fusion-social-networks-wrapper\"><a class=\"fusion-social-network-icon fusion-tooltip fusion-instagram awb-icon-instagram\" style=\"color:var(--awb-color1);font-size:18px;width:18px;background-color:rgba(255,255,255,0);border-color:rgba(255,255,255,0);border-radius:20px;\" data-placement=\"top\" data-title=\"Instagram\" data-toggle=\"tooltip\" title=\"Instagram\" aria-label=\"instagram\" target=\"_blank\" rel=\"noopener noreferrer nofollow\" href=\"https:\/\/www.instagram.com\/visacproducciones\/\"><\/a><\/div><\/div><\/div><\/div><\/div><div class=\"fusion-layout-column fusion_builder_column fusion-builder-column-9 fusion_builder_column_2_3 2_3 fusion-flex-column\" style=\"--awb-bg-size:cover;--awb-width-large:66.666666666667%;--awb-margin-top-large:20px;--awb-spacing-right-large:2.88%;--awb-margin-bottom-large:20px;--awb-spacing-left-large:2.88%;--awb-width-medium:100%;--awb-order-medium:0;--awb-spacing-right-medium:1.92%;--awb-spacing-left-medium:1.92%;--awb-width-small:100%;--awb-order-small:0;--awb-spacing-right-small:1.92%;--awb-spacing-left-small:1.92%;\" data-scroll-devices=\"small-visibility,medium-visibility,large-visibility\"><div class=\"fusion-column-wrapper fusion-column-has-shadow fusion-flex-justify-content-flex-start fusion-content-layout-column\"><div class=\"fusion-title title fusion-title-5 fusion-sep-none fusion-title-text fusion-title-size-four\"><h4 class=\"fusion-title-heading title-heading-left fusion-responsive-typography-calculated\" style=\"margin:0;--fontSize:30;line-height:1.15;\">Veranstaltungsagentur<\/h4><\/div><div class=\"fusion-text fusion-text-7\"><p>Auf der Suche nach einem differenzierten und innovativen Konzept, aber immer mit Blick auf das Publikum. Wir organisieren kulturelle und gesellschaftliche Veranstaltungen, Konzerte \u2013 alles unter einem differenzierten Konzept.<br \/>\nUnser Standort befindet sich in El Paso, dem Herzen der Kanarischen Insel La Palma.<\/p>\n<\/div><\/div><\/div><\/div><\/div>","protected":false},"excerpt":{"rendered":"","protected":false},"author":1,"featured_media":3816,"parent":0,"menu_order":0,"comment_status":"closed","ping_status":"closed","template":"100-width.php","meta":{"footnotes":""},"class_list":["post-16","page","type-page","status-publish","has-post-thumbnail","hentry"],"_links":{"self":[{"href":"https:\/\/vilusfestival.com\/de\/wp-json\/wp\/v2\/pages\/16","targetHints":{"allow":["GET"]}}],"collection":[{"href":"https:\/\/vilusfestival.com\/de\/wp-json\/wp\/v2\/pages"}],"about":[{"href":"https:\/\/vilusfestival.com\/de\/wp-json\/wp\/v2\/types\/page"}],"author":[{"embeddable":true,"href":"https:\/\/vilusfestival.com\/de\/wp-json\/wp\/v2\/users\/1"}],"replies":[{"embeddable":true,"href":"https:\/\/vilusfestival.com\/de\/wp-json\/wp\/v2\/comments?post=16"}],"version-history":[{"count":10,"href":"https:\/\/vilusfestival.com\/de\/wp-json\/wp\/v2\/pages\/16\/revisions"}],"predecessor-version":[{"id":3814,"href":"https:\/\/vilusfestival.com\/de\/wp-json\/wp\/v2\/pages\/16\/revisions\/3814"}],"wp:featuredmedia":[{"embeddable":true,"href":"https:\/\/vilusfestival.com\/de\/wp-json\/wp\/v2\/media\/3816"}],"wp:attachment":[{"href":"https:\/\/vilusfestival.com\/de\/wp-json\/wp\/v2\/media?parent=16"}],"curies":[{"name":"wp","href":"https:\/\/api.w.org\/{rel}","templated":true}]}}