{"id":3,"date":"2024-02-03T18:56:50","date_gmt":"2024-02-03T18:56:50","guid":{"rendered":"http:\/\/2024.vilusfestival.com\/?page_id=3"},"modified":"2024-02-26T18:38:52","modified_gmt":"2024-02-26T18:38:52","slug":"proteccion-datos","status":"publish","type":"page","link":"https:\/\/vilusfestival.com\/de\/proteccion-datos","title":{"rendered":"Datenschutz"},"content":{"rendered":"<h2 class=\"wp-block-heading\">Pol\u00edtica de Privacidad<\/h2>\r\n\r\n\r\n\r\n<p>De conformidad con el Ley Org\u00e1nica de Protecci\u00f3n de Datos Personales y Garant\u00eda de los Derechos Digitales (LOPDGDD 3\/2018) y con el Reglamento General de Protecci\u00f3n de Datos (RGPD UE 2016\/679) ponemos a su disposici\u00f3n la siguiente informaci\u00f3n:<\/p>\r\n\r\n\r\n\r\n<h4 class=\"wp-block-heading\">INFORMACI\u00d3N B\u00c1SICA DE PROTECCI\u00d3N DE DATOS<\/h4>\r\n<p><strong>Responsable:<\/strong> Kevin Ya\u00f1ez<br \/><strong>Finalidad:<\/strong> <br \/>\u2022 Atender las solicitudes de informaci\u00f3n realizadas a trav\u00e9s de la web<br \/>\u2022 Facilitar a los interesados informaci\u00f3n comercial de nuestras promociones y\/o servicios a trav\u00e9s de nuestra newsletter<br \/><strong>Legitimaci\u00f3n:<\/strong> Consentimiento del interesado<br \/><strong>Destinatarios:<\/strong> No se ceder\u00e1n datos a terceros salvo obligaci\u00f3n legal o en el supuesto que sea necesario para atender su solicitud<br \/><strong>Derechos:<\/strong> Podr\u00e1 ejercer los derechos de acceso, rectificaci\u00f3n, supresi\u00f3n y oposici\u00f3n, limitaci\u00f3n del tratamiento, portabilidad de datos.<\/p>\r\n<p>&nbsp;<\/p>\r\n\r\n<h4>\u00bfQUI\u00c9N VA A TRATAR MIS DATOS?<\/h4>\r\n\r\n<p>El responsable del tratamiento de sus datos es VISAC PRODUCCIONES, con NIF: 42195233P<br \/>y direcci\u00f3n en Calle Malpa\u00eds N\u00b0 11a. 38750.El Paso. La Palma. S\/C de Tenerife.<br \/>Islas Canarias. Espa\u00f1a.<br \/>Otros datos de contacto:<br \/>Tel\u00e9fono: 0034. 680 26 11 61<br \/>Correo electr\u00f3nico: info@vilusfestival.com<\/p>\r\n<p>&nbsp;<\/p>\r\n<h4>\u00bfCU\u00c1L ES LA FINALIDAD DEL TRATAMIENTO Y LA BASE LEGAL DEL MISMO?<\/h4>\r\n\r\n\r\n\r\n<p>En VISAC PRODUCCIONES tratamos la informaci\u00f3n que nos facilitan las personas interesadas con el fin de gestionar sus solicitudes de informaci\u00f3n y gestionar los servicios que les une a esta empresa. Adem\u00e1s de facilitar a los interesados ofertas de productos y servicios de su inter\u00e9s a trav\u00e9s de la suscripci\u00f3n de nuestra newsletter.<br \/>La base legal para el tratamiento de sus datos en ambos casos es el consentimiento diferenciado que presta para las distintas finalidades, a trav\u00e9s de la aceptaci\u00f3n de los consentimientos que se le facilitan en los formularios de nuestra web, de acuerdo con la pol\u00edtica de privacidad de VISAC PRODUCCIONES.<br \/><br \/>Para m\u00e1s informaci\u00f3n consultar nuestra Pol\u00edtica de Cookies.<br \/><br \/><\/p>\r\n\r\n\r\n\r\n<h4 class=\"wp-block-heading\">\u00bfD\u00d3NDE SE ALMACENA SU INFORMACI\u00d3N?<\/h4>\r\n\r\n\r\n\r\n<p class=\"content-paragraph\">IONOS Cloud S.L.U.<br \/>Avenida de la Vega, 1 Edificio Veganova 3<br \/>Planta 5 Puerta C<br \/>Alcobendas 28108 Madrid<\/p>\r\n<p>&nbsp;<\/p>\r\n\r\n\r\n\r\n<h4 class=\"wp-block-heading\">\u00bfA QUI\u00c9N SE CEDER\u00c1N SUS DATOS?<\/h4>\r\n\r\n\r\n\r\n<p>No se ceder\u00e1n datos a terceros salvo obligaci\u00f3n legal, o en el supuesto que fuera necesario para el cumplimiento directamente relacionado con las funciones derivadas del servicio.<\/p>\r\n<p>&nbsp;<\/p>\r\n\r\n\r\n\r\n<h4 class=\"wp-block-heading\">\u00bfPOR CU\u00c1NTO TIEMPO CONSERVAREMOS SUS DATOS?<\/h4>\r\n\r\n\r\n\r\n<p>Los datos personales proporcionados se conservar\u00e1n mientras se mantenga la relaci\u00f3n con esta empresa, y no se solicite su supresi\u00f3n por el interesado.<\/p>\r\n<p>&nbsp;<\/p>\r\n\r\n\r\n\r\n<h4 class=\"wp-block-heading\">\u00bfCU\u00c1LES SON SUS DERECHOS CUANDO NOS FACILITA SUS DATOS? \u00bfY D\u00d3NDE DIRIGIRME PARA EJERCITAR MIS DERECHOS?<\/h4>\r\n\r\n\r\n\r\n<p>Cualquier persona tiene derecho a obtener confirmaci\u00f3n sobre si en VISAC PRODUCCIONES estamos tratando datos personales que les conciernan, o no. Las personas interesadas tienen derecho a acceder a sus datos personales, as\u00ed como a solicitar la rectificaci\u00f3n de los datos inexactos o, en su caso, solicitar su supresi\u00f3n cuando, entre otros motivos, los datos ya no sean necesarios para los fines que fueron recogidos. En determinadas circunstancias, los interesados podr\u00e1n solicitar la limitaci\u00f3n del tratamiento de sus datos, en cuyo caso \u00fanicamente los conservaremos para el ejercicio o la defensa de reclamaciones.<br \/>En determinadas circunstancias y por motivos relacionados con su situaci\u00f3n particular, los interesados podr\u00e1n oponerse al tratamiento de sus datos y VISAC PRODUCCIONES dejar\u00e1 de tratar los datos, salvo por motivos leg\u00edtimos imperiosos, o el ejercicio o la defensa de posibles reclamaciones. Para ejercer sus derechos deben enviar una comunicaci\u00f3n junto con su documento de identidad a:<br \/><br \/><strong>info@vilusfestival.com<\/strong><br \/><br \/>El usuario podr\u00e1 revocar en cualquier momento el consentimiento prestado en la siguiente direcci\u00f3n de correo: info@vilusfestival.com<br \/>Asimismo se le informa de que los interesados tienen derecho a reclamar ante la Autoridad de Control, La Agencia Espa\u00f1ola de Protecci\u00f3n de Datos.<\/p>","protected":false},"excerpt":{"rendered":"<p>Pol\u00edtica de Privacidad De conformidad con el Ley Org\u00e1nica de Protecci\u00f3n de Datos Personales y Garant\u00eda de los Derechos Digitales (LOPDGDD 3\/2018) y con el [&hellip;]<\/p>","protected":false},"author":1,"featured_media":0,"parent":0,"menu_order":0,"comment_status":"closed","ping_status":"open","template":"","meta":{"footnotes":""},"class_list":["post-3","page","type-page","status-publish","hentry"],"_links":{"self":[{"href":"https:\/\/vilusfestival.com\/de\/wp-json\/wp\/v2\/pages\/3","targetHints":{"allow":["GET"]}}],"collection":[{"href":"https:\/\/vilusfestival.com\/de\/wp-json\/wp\/v2\/pages"}],"about":[{"href":"https:\/\/vilusfestival.com\/de\/wp-json\/wp\/v2\/types\/page"}],"author":[{"embeddable":true,"href":"https:\/\/vilusfestival.com\/de\/wp-json\/wp\/v2\/users\/1"}],"replies":[{"embeddable":true,"href":"https:\/\/vilusfestival.com\/de\/wp-json\/wp\/v2\/comments?post=3"}],"version-history":[{"count":5,"href":"https:\/\/vilusfestival.com\/de\/wp-json\/wp\/v2\/pages\/3\/revisions"}],"predecessor-version":[{"id":3925,"href":"https:\/\/vilusfestival.com\/de\/wp-json\/wp\/v2\/pages\/3\/revisions\/3925"}],"wp:attachment":[{"href":"https:\/\/vilusfestival.com\/de\/wp-json\/wp\/v2\/media?parent=3"}],"curies":[{"name":"wp","href":"https:\/\/api.w.org\/{rel}","templated":true}]}}