{"id":3919,"date":"2024-02-26T18:36:32","date_gmt":"2024-02-26T18:36:32","guid":{"rendered":"https:\/\/2024.vilusfestival.com\/?page_id=3919"},"modified":"2024-04-30T02:18:38","modified_gmt":"2024-04-30T02:18:38","slug":"avisolegal","status":"publish","type":"page","link":"https:\/\/vilusfestival.com\/de\/avisolegal","title":{"rendered":"Rechtlicher Hinweis"},"content":{"rendered":"<h2>OBJETO<\/h2>\r\n<p>Las presentes condiciones legales son establecidas por VISAC PRODUCCIONES con el fin de determinar los criterios y condiciones de uso de la p\u00e1gina web www.vilusfestival.com<br \/><br \/><strong>Datos del titular:<\/strong><br \/>Seg\u00fan lo establecido en la ley de Sociedad de la informaci\u00f3n y comercio electr\u00f3nico, LSSICE 34\/2002, VISAC PRODUCCIONES, pone a disposici\u00f3n los datos del titular de la presente p\u00e1gina<br \/>web.<br \/><br \/><strong>Identificaci\u00f3n y contacto:<\/strong><br \/><br \/>Denominaci\u00f3n social: VISAC PRODUCCIONES<br \/>Nif: 42195233P<br \/>Direcci\u00f3n: Calle Malpa\u00eds N\u00b0 11a. 38750.El Paso. La Palma. S\/C de Tenerife.<br \/>Tel\u00e9fono: 0034. 680 26 11 61<br \/>Correo Electr\u00f3nico: <span class=\"x193iq5w xeuugli x13faqbe x1vvkbs x1xmvt09 x1lliihq x1s928wv xhkezso x1gmr53x x1cpjm7i x1fgarty x1943h6x xudqn12 x3x7a5m x6prxxf xvq8zen xo1l8bm xzsf02u x1yc453h\" dir=\"auto\">info@vilusfestival.com<\/span><br \/><br \/>Al navegar por este sitio web el navegante adquiere la condici\u00f3n de usuario; el usuario acepta las condiciones de uso planteadas, VISAC PRODUCCIONES, se reserva el derecho a modificar en cualquier momento sus condiciones legales, as\u00ed como a realizar cualquier mejora t\u00e9cnica o visual que considere oportuno; si las modificaciones afectan a la privacidad de los usuarios, se avisar\u00e1 con antelaci\u00f3n a la entrada en vigor de los cambios.<br \/>En cumplimiento Ley Org\u00e1nica de Protecci\u00f3n de Datos Personales y Garant\u00eda de los Derechos Digitales (LOPD-GDD 3\/2018) y con el Reglamento General de Protecci\u00f3n de Datos (RGPD UE 2016\/679) para poder atender sus consultas, cumplimente los campos obligatorios. No se ceder\u00e1n datos a terceros salvo obligaci\u00f3n legal o en el supuesto que sea necesario para atender su solicitud, en caso de cambios y modificaciones en sus datos deber\u00e1 comunicarlo. Pueden ejercitar sus derechos de acceso, rectificaci\u00f3n, supresi\u00f3n, limitaci\u00f3n, oposici\u00f3n y portabilidad a la siguiente direcci\u00f3n:<br \/><br \/><span class=\"x193iq5w xeuugli x13faqbe x1vvkbs x1xmvt09 x1lliihq x1s928wv xhkezso x1gmr53x x1cpjm7i x1fgarty x1943h6x xudqn12 x3x7a5m x6prxxf xvq8zen xo1l8bm xzsf02u x1yc453h\" dir=\"auto\">info@vilusfestival.com<br \/><br \/><\/span><\/p>\r\n<h4>POL\u00cdTICA DE ENLACES<\/h4>\r\n<p>En esta web se han establecido enlaces a p\u00e1ginas de terceros con el fin de facilitar a los usuarios en acceso a distintas redes sociales y plataformas de internet; VISAC PRODUCCIONES no se hace responsable de los contenidos, ofertas, productos o servicios que pudieran encontrarse.<\/p>\r\n<p>&nbsp;<\/p>\r\n<h4>LEGISLACI\u00d3N APLICABLE<\/h4>\r\n<p>Lo referente a VISAC PRODUCCIONES, y el usuario se llevar\u00e1 a cabo dentro de la normativa nacional vigente y cualquier controversia se sustanciar\u00e1 a trav\u00e9s de los Juzgados y Tribunales de Santa Cruz de Tenerife.<\/p>","protected":false},"excerpt":{"rendered":"<p>OBJETO Las presentes condiciones legales son establecidas por VISAC PRODUCCIONES con el fin de determinar los criterios y condiciones de uso de la p\u00e1gina web [&hellip;]<\/p>","protected":false},"author":1,"featured_media":0,"parent":0,"menu_order":0,"comment_status":"closed","ping_status":"open","template":"","meta":{"footnotes":""},"class_list":["post-3919","page","type-page","status-publish","hentry"],"_links":{"self":[{"href":"https:\/\/vilusfestival.com\/de\/wp-json\/wp\/v2\/pages\/3919","targetHints":{"allow":["GET"]}}],"collection":[{"href":"https:\/\/vilusfestival.com\/de\/wp-json\/wp\/v2\/pages"}],"about":[{"href":"https:\/\/vilusfestival.com\/de\/wp-json\/wp\/v2\/types\/page"}],"author":[{"embeddable":true,"href":"https:\/\/vilusfestival.com\/de\/wp-json\/wp\/v2\/users\/1"}],"replies":[{"embeddable":true,"href":"https:\/\/vilusfestival.com\/de\/wp-json\/wp\/v2\/comments?post=3919"}],"version-history":[{"count":4,"href":"https:\/\/vilusfestival.com\/de\/wp-json\/wp\/v2\/pages\/3919\/revisions"}],"predecessor-version":[{"id":4020,"href":"https:\/\/vilusfestival.com\/de\/wp-json\/wp\/v2\/pages\/3919\/revisions\/4020"}],"wp:attachment":[{"href":"https:\/\/vilusfestival.com\/de\/wp-json\/wp\/v2\/media?parent=3919"}],"curies":[{"name":"wp","href":"https:\/\/api.w.org\/{rel}","templated":true}]}}